{"id":1164,"date":"2021-10-12T09:48:58","date_gmt":"2021-10-12T09:48:58","guid":{"rendered":"https:\/\/kmo6.prositemulti5.be\/?page_id=1164"},"modified":"2021-10-12T11:07:15","modified_gmt":"2021-10-12T11:07:15","slug":"handleidingen","status":"publish","type":"page","link":"https:\/\/vgs2cv.be\/en\/handleidingen\/","title":{"rendered":"Manuals"},"content":{"rendered":"<div data-elementor-type=\"wp-page\" data-elementor-id=\"1164\" class=\"elementor elementor-1164\" data-elementor-post-type=\"page\">\n\t\t\t\t\t\t<section class=\"elementor-section elementor-top-section elementor-element elementor-element-96a2272 elementor-section-boxed elementor-section-height-default elementor-section-height-default\" data-id=\"96a2272\" data-element_type=\"section\">\n\t\t\t\t\t\t<div class=\"elementor-container elementor-column-gap-default\">\n\t\t\t\t\t<div class=\"elementor-column elementor-col-100 elementor-top-column elementor-element elementor-element-dedd4e2\" data-id=\"dedd4e2\" data-element_type=\"column\">\n\t\t\t<div class=\"elementor-widget-wrap elementor-element-populated\">\n\t\t\t\t\t\t<div class=\"elementor-element elementor-element-58b15a2 elementor-widget elementor-widget-spacer\" data-id=\"58b15a2\" data-element_type=\"widget\" data-widget_type=\"spacer.default\">\n\t\t\t\t<div class=\"elementor-widget-container\">\n\t\t\t\t\t\t\t<div class=\"elementor-spacer\">\n\t\t\t<div class=\"elementor-spacer-inner\"><\/div>\n\t\t<\/div>\n\t\t\t\t\t\t<\/div>\n\t\t\t\t<\/div>\n\t\t\t\t\t<\/div>\n\t\t<\/div>\n\t\t\t\t\t<\/div>\n\t\t<\/section>\n\t\t\t\t<section class=\"elementor-section elementor-top-section elementor-element elementor-element-fe11f6f elementor-section-boxed elementor-section-height-default elementor-section-height-default\" data-id=\"fe11f6f\" data-element_type=\"section\">\n\t\t\t\t\t\t<div class=\"elementor-container elementor-column-gap-default\">\n\t\t\t\t\t<div class=\"elementor-column elementor-col-100 elementor-top-column elementor-element elementor-element-bca4183\" data-id=\"bca4183\" data-element_type=\"column\">\n\t\t\t<div class=\"elementor-widget-wrap elementor-element-populated\">\n\t\t\t\t\t\t<div class=\"elementor-element elementor-element-1622a6a elementor-widget elementor-widget-heading\" data-id=\"1622a6a\" data-element_type=\"widget\" data-widget_type=\"heading.default\">\n\t\t\t\t<div class=\"elementor-widget-container\">\n\t\t\t\t\t<h2 class=\"elementor-heading-title elementor-size-default\">Manuals<\/h2>\t\t\t\t<\/div>\n\t\t\t\t<\/div>\n\t\t\t\t<div class=\"elementor-element elementor-element-1ff1c76 elementor-widget elementor-widget-text-editor\" data-id=\"1ff1c76\" data-element_type=\"widget\" data-widget_type=\"text-editor.default\">\n\t\t\t\t<div class=\"elementor-widget-container\">\n\t\t\t\t\t<style>.elementor-element-1ff1c76{display:none !important}<\/style>\t\t\t\t<\/div>\n\t\t\t\t<\/div>\n\t\t\t\t<div class=\"elementor-element elementor-element-c61f7f3 elementor-widget elementor-widget-text-editor\" data-id=\"c61f7f3\" data-element_type=\"widget\" data-widget_type=\"text-editor.default\">\n\t\t\t\t<div class=\"elementor-widget-container\">\n\t\t\t\t\t<style>.elementor-element-c61f7f3{display:none !important}<\/style>\t\t\t\t<\/div>\n\t\t\t\t<\/div>\n\t\t\t\t<div class=\"elementor-element elementor-element-05c2c2a elementor-widget elementor-widget-text-editor\" data-id=\"05c2c2a\" data-element_type=\"widget\" data-widget_type=\"text-editor.default\">\n\t\t\t\t<div class=\"elementor-widget-container\">\n\t\t\t\t\t\t\t\t\t<p><a href=\"https:\/\/vgs2cv.be\/wp-content\/uploads\/sites\/7\/2021\/10\/Installation-instructions-652cc-kit.pdf\" target=\"_blank\" rel=\"noopener\">Installation instructions 652cc kit<\/a><\/p><p><a href=\"https:\/\/vgs2cv.be\/wp-content\/uploads\/sites\/7\/2021\/10\/Installation-instructions-720cc-kit-alu-Nikasil.pdf\" target=\"_blank\" rel=\"noopener\">Installation instructions 720cc kit<\/a><\/p><p><a href=\"https:\/\/vgs2cv.be\/wp-content\/uploads\/sites\/7\/2021\/10\/Instructions-airfilter-ENGLISH.pdf\" target=\"_blank\" rel=\"noopener\">Instructions airfilter K&amp;N<\/a><\/p><p><a href=\"https:\/\/vgs2cv.be\/wp-content\/uploads\/sites\/7\/2021\/10\/Revision-engine-breather.pdf\" target=\"_blank\" rel=\"noopener\">Revision engine breather<\/a><\/p><p><a href=\"https:\/\/vgs2cv.be\/wp-content\/uploads\/sites\/7\/2021\/10\/vleugelhaakjes-min-1.pdf\" target=\"_blank\" rel=\"noopener\">Manual wing valence panel<\/a><\/p><p><a href=\"https:\/\/vgs2cv.be\/wp-content\/uploads\/sites\/7\/2021\/10\/Achteruitrijlichtschakelaar-1.pdf\" target=\"_blank\" rel=\"noopener\">Mounting switch reversing light<\/a><\/p><p><a href=\"https:\/\/www.scribd.com\/document\/406570220\/MultiTool\" target=\"_blank\" rel=\"noopener\">Multitool VGS 2CV<\/a>\u00a0<\/p><p><a href=\"https:\/\/vgs2cv.be\/wp-content\/uploads\/sites\/7\/2021\/10\/Tool-dudgeon-EN.pdf\" target=\"_blank\" rel=\"noopener\">Tool push rod tubes<\/a><\/p>\t\t\t\t\t\t\t\t<\/div>\n\t\t\t\t<\/div>\n\t\t\t\t\t<\/div>\n\t\t<\/div>\n\t\t\t\t\t<\/div>\n\t\t<\/section>\n\t\t\t\t<\/div>","protected":false},"excerpt":{"rendered":"<p>Handleidingen Handleiding montage 652cc kit Montagehandleiding 720cc Kit VGS Revisie olievulbuis Vleugelhaakjes Achteruitrijlichtschakelaar Onderhoudsinstructies K&amp;N luchtfilter Multitool VGS Tool stoterstangbuisjes\u00a0 Manuel Montage 652cc Kit VGS Manuel Montage 720cc Kit VGS Manuel R\u00e9vision Renfilard Instructions filtre \u00e0 air K&amp;N Montage support Contacteur marche arri\u00e8re Montage kit (d\u00e9)montage joues d\u2019ailes Outil polyvalent VGS 2CV Tool dudgeon Installation [&hellip;]<\/p>","protected":false},"author":4,"featured_media":0,"parent":0,"menu_order":0,"comment_status":"closed","ping_status":"closed","template":"","meta":{"_acf_changed":false,"footnotes":""},"class_list":["post-1164","page","type-page","status-publish","hentry"],"acf":[],"_links":{"self":[{"href":"https:\/\/vgs2cv.be\/en\/wp-json\/wp\/v2\/pages\/1164","targetHints":{"allow":["GET"]}}],"collection":[{"href":"https:\/\/vgs2cv.be\/en\/wp-json\/wp\/v2\/pages"}],"about":[{"href":"https:\/\/vgs2cv.be\/en\/wp-json\/wp\/v2\/types\/page"}],"author":[{"embeddable":true,"href":"https:\/\/vgs2cv.be\/en\/wp-json\/wp\/v2\/users\/4"}],"replies":[{"embeddable":true,"href":"https:\/\/vgs2cv.be\/en\/wp-json\/wp\/v2\/comments?post=1164"}],"version-history":[{"count":0,"href":"https:\/\/vgs2cv.be\/en\/wp-json\/wp\/v2\/pages\/1164\/revisions"}],"wp:attachment":[{"href":"https:\/\/vgs2cv.be\/en\/wp-json\/wp\/v2\/media?parent=1164"}],"curies":[{"name":"wp","href":"https:\/\/api.w.org\/{rel}","templated":true}]}}